{"id":36,"date":"2024-02-17T08:51:20","date_gmt":"2024-02-17T07:51:20","guid":{"rendered":"https:\/\/dva-management.fr\/?page_id=36"},"modified":"2025-02-22T14:25:35","modified_gmt":"2025-02-22T13:25:35","slug":"a-propos-de-nous","status":"publish","type":"page","link":"https:\/\/dva-management.fr\/index.php\/a-propos-de-nous\/","title":{"rendered":"A propos de nous"},"content":{"rendered":"\n<div class=\"wp-block-group alignfull has-accent-background-color has-background has-global-padding is-layout-constrained wp-container-core-group-is-layout-3 wp-block-group-is-layout-constrained\" style=\"margin-top:0;margin-bottom:0;padding-top:var(--wp--preset--spacing--50);padding-right:var(--wp--preset--spacing--50);padding-bottom:var(--wp--preset--spacing--50);padding-left:var(--wp--preset--spacing--50)\">\n<div class=\"wp-block-columns alignwide is-layout-flex wp-container-core-columns-is-layout-1 wp-block-columns-is-layout-flex\">\n<div class=\"wp-block-column is-vertically-aligned-stretch is-layout-flow wp-block-column-is-layout-flow\" style=\"flex-basis:50%\">\n<div class=\"wp-block-group is-vertical is-content-justification-stretch is-layout-flex wp-container-core-group-is-layout-2 wp-block-group-is-layout-flex\" style=\"min-height:100%\">\n<p class=\"has-heading-font-family has-x-large-font-size\" style=\"line-height:1.2\">Pr\u00e9sentation<\/p>\n\n\n\n<p>Titulaire d\u2019un DESCF, j\u2019ai commenc\u00e9 ma carri\u00e8re dans l\u2019un des big five o\u00f9 j\u2019ai acquis de solides bases en comptabilit\u00e9 g\u00e9n\u00e9rale, audit, pr\u00e9sentation et arr\u00eat\u00e9s des comptes des soci\u00e9t\u00e9s.<\/p>\n\n\n\n<p>J\u2019ai ensuite compl\u00e9t\u00e9 mon exp\u00e9rience en exer\u00e7ant des fonctions de RAF ou de DAF dans des PME familiales de diff\u00e9rentes tailles et dans diff\u00e9rents secteurs d\u2019activit\u00e9 ( N\u00e9goce, BTP, Transport, Agroalimentaire, G\u00e9nie civil TP).<\/p>\n\n\n\n<p>Ces diff\u00e9rentes exp\u00e9riences m\u2019ont permis pendant ces 20 derni\u00e8res ann\u00e9es de compl\u00e9ter ma formation initiale et d\u2019y ajouter des savoirs faire concernant&nbsp;:<\/p>\n\n\n\n<ul class=\"wp-block-list\">\n<li>La gestion de tr\u00e9sorerie : pr\u00e9visions de tr\u00e9sorerie<\/li>\n\n\n\n<li>L\u2019ing\u00e9nierie financi\u00e8re ( factoring, lease-back, financement du BFR); n\u00e9gociation avec les partenaires financiers<\/li>\n\n\n\n<li>La r\u00e9organisation des groupes de soci\u00e9t\u00e9s&nbsp;: cr\u00e9ation de soci\u00e9t\u00e9s&nbsp;; fusion\/TUP&nbsp;;<\/li>\n\n\n\n<li>Business plan et pr\u00e9visionnels d\u2019exploitation<\/li>\n\n\n\n<li>Le reporting comptable et la gestion budg\u00e9taire ( Ecarts, red\u00e9finition des objectifs et\/ou de la strat\u00e9gie ),<\/li>\n\n\n\n<li>Le contr\u00f4le de gestion en industrie&nbsp;: Prix de revient \u00e0 diff\u00e9rentes \u00e9tapes de fabrication&nbsp;; comptabilit\u00e9 par activit\u00e9s&nbsp;;<\/li>\n\n\n\n<li>Audit et \u00e9valuation de soci\u00e9t\u00e9s dans le cadre d\u2019op\u00e9ration de rachats, fusion ou TUP<\/li>\n\n\n\n<li>L\u2019informatique de gestion&nbsp;:\n<ul class=\"wp-block-list\">\n<li>Connaissance des ERP en g\u00e9n\u00e9ral ( Divalto, VIF en particulier )<\/li>\n\n\n\n<li>Suite SAGE<\/li>\n\n\n\n<li>Connaissance des bases SQL et des requ\u00eates SQL, Access&nbsp;<\/li>\n<\/ul>\n<\/li>\n\n\n\n<li>L\u2019informatique en g\u00e9n\u00e9ral&nbsp;:\n<ul class=\"wp-block-list\">\n<li>Choix des mat\u00e9riels serveurs&nbsp;; solutions h\u00e9berg\u00e9es&nbsp;; NAS Synology, postes de travail<\/li>\n\n\n\n<li>R\u00e9seau et s\u00e9curit\u00e9 r\u00e9seau (switches, firewalls et solutions VPN )<\/li>\n\n\n\n<li>Recherche et management des partenaires externes&nbsp;: DSI externalis\u00e9e<\/li>\n<\/ul>\n<\/li>\n<\/ul>\n\n\n\n<div class=\"wp-block-group has-global-padding is-content-justification-left is-layout-constrained wp-container-core-group-is-layout-1 wp-block-group-is-layout-constrained\">\n<p class=\"wp-container-content-1\"><\/p>\n<\/div>\n<\/div>\n<\/div>\n\n\n\n<div class=\"wp-block-column is-vertically-aligned-center is-layout-flow wp-block-column-is-layout-flow\" style=\"flex-basis:50%\">\n<figure class=\"wp-block-image size-large is-style-rounded\"><img loading=\"lazy\" decoding=\"async\" width=\"1300\" height=\"1733\" src=\"https:\/\/dva-management.fr\/wp-content\/uploads\/2024\/02\/image.webp\" alt=\"Une rampe le long d\u2019un mur incurv\u00e9 au mus\u00e9e Kiasma, Helsinki, Finlande.\" class=\"wp-image-39\" style=\"aspect-ratio:3\/4;object-fit:cover\" srcset=\"https:\/\/dva-management.fr\/wp-content\/uploads\/2024\/02\/image.webp 1300w, https:\/\/dva-management.fr\/wp-content\/uploads\/2024\/02\/image-225x300.webp 225w, https:\/\/dva-management.fr\/wp-content\/uploads\/2024\/02\/image-768x1024.webp 768w, https:\/\/dva-management.fr\/wp-content\/uploads\/2024\/02\/image-1152x1536.webp 1152w\" sizes=\"auto, (max-width: 1300px) 100vw, 1300px\" \/><\/figure>\n<\/div>\n<\/div>\n<\/div>\n\n\n\n<div class=\"wp-block-group alignfull has-global-padding is-layout-constrained wp-container-core-group-is-layout-6 wp-block-group-is-layout-constrained\" style=\"margin-top:0;margin-bottom:0;padding-top:var(--wp--preset--spacing--50);padding-right:var(--wp--preset--spacing--50);padding-bottom:var(--wp--preset--spacing--50);padding-left:var(--wp--preset--spacing--50)\">\n<div class=\"wp-block-group alignwide has-base-2-background-color has-background is-layout-flow wp-block-group-is-layout-flow\" style=\"border-radius:16px;padding-top:var(--wp--preset--spacing--50);padding-right:var(--wp--preset--spacing--50);padding-bottom:var(--wp--preset--spacing--50);padding-left:var(--wp--preset--spacing--50)\">\n<p class=\"has-text-align-center\">We\u2019ve worked with some of the best companies.<\/p>\n\n\n\n<div style=\"height:var(--wp--preset--spacing--10)\" aria-hidden=\"true\" class=\"wp-block-spacer\"><\/div>\n\n\n\n<div class=\"wp-block-group alignwide is-content-justification-center is-layout-flex wp-container-core-group-is-layout-4 wp-block-group-is-layout-flex\" style=\"padding-top:0;padding-right:0;padding-bottom:0;padding-left:0\">\n\n\n\n\n\n\n\n<\/div>\n<\/div>\n<\/div>\n","protected":false},"excerpt":{"rendered":"<p>Pr\u00e9sentation Titulaire d\u2019un DESCF, j\u2019ai commenc\u00e9 ma carri\u00e8re dans l\u2019un des big five o\u00f9 j\u2019ai acquis de solides bases en comptabilit\u00e9 g\u00e9n\u00e9rale, audit, pr\u00e9sentation et arr\u00eat\u00e9s des comptes des soci\u00e9t\u00e9s. J\u2019ai ensuite compl\u00e9t\u00e9 mon exp\u00e9rience en exer\u00e7ant des fonctions de RAF ou de DAF dans des PME familiales de diff\u00e9rentes tailles et dans diff\u00e9rents secteurs [&hellip;]<\/p>\n","protected":false},"author":1,"featured_media":0,"parent":0,"menu_order":0,"comment_status":"closed","ping_status":"closed","template":"","meta":{"om_disable_all_campaigns":false,"_monsterinsights_skip_tracking":false,"_monsterinsights_sitenote_active":false,"_monsterinsights_sitenote_note":"","_monsterinsights_sitenote_category":0,"footnotes":""},"class_list":["post-36","page","type-page","status-publish","hentry"],"aioseo_notices":[],"_links":{"self":[{"href":"https:\/\/dva-management.fr\/index.php\/wp-json\/wp\/v2\/pages\/36","targetHints":{"allow":["GET"]}}],"collection":[{"href":"https:\/\/dva-management.fr\/index.php\/wp-json\/wp\/v2\/pages"}],"about":[{"href":"https:\/\/dva-management.fr\/index.php\/wp-json\/wp\/v2\/types\/page"}],"author":[{"embeddable":true,"href":"https:\/\/dva-management.fr\/index.php\/wp-json\/wp\/v2\/users\/1"}],"replies":[{"embeddable":true,"href":"https:\/\/dva-management.fr\/index.php\/wp-json\/wp\/v2\/comments?post=36"}],"version-history":[{"count":4,"href":"https:\/\/dva-management.fr\/index.php\/wp-json\/wp\/v2\/pages\/36\/revisions"}],"predecessor-version":[{"id":46,"href":"https:\/\/dva-management.fr\/index.php\/wp-json\/wp\/v2\/pages\/36\/revisions\/46"}],"wp:attachment":[{"href":"https:\/\/dva-management.fr\/index.php\/wp-json\/wp\/v2\/media?parent=36"}],"curies":[{"name":"wp","href":"https:\/\/api.w.org\/{rel}","templated":true}]}}